{"id":498,"date":"2024-10-16T07:09:56","date_gmt":"2024-10-16T07:09:56","guid":{"rendered":"https:\/\/www.commswebb.com\/?page_id=498"},"modified":"2025-04-30T13:38:26","modified_gmt":"2025-04-30T13:38:26","slug":"contact","status":"publish","type":"page","link":"https:\/\/www.commswebb.com\/sv\/contact\/","title":{"rendered":"Contact Us for Inquiries, Support, and Collaborations"},"content":{"rendered":"<div class=\"wp-block-cover alignfull has-large-font-size\" style=\"border-radius:4px;margin-top:0;margin-bottom:0;padding-top:var(--wp--preset--spacing--60);padding-right:var(--wp--preset--spacing--30);padding-bottom:var(--wp--preset--spacing--60);padding-left:var(--wp--preset--spacing--30);min-height:340px;aspect-ratio:unset;\"><span aria-hidden=\"true\" class=\"wp-block-cover__background has-custom-color-2-background-color has-background-dim-90 has-background-dim\"><\/span><div class=\"wp-block-cover__inner-container is-layout-flow wp-block-cover-is-layout-flow\">\n<h1 class=\"wp-block-heading has-text-align-center has-base-2-color has-text-color has-link-color has-x-large-font-size wp-elements-298bed00ee871eb87ba066bb6a1cddf2\" style=\"margin-top:var(--wp--preset--spacing--60);margin-bottom:var(--wp--preset--spacing--60);padding-right:0;padding-left:0\"><strong>Contact<\/strong><\/h1>\n<\/div><\/div>\n\n\n\n<div class=\"wp-block-columns alignwide is-layout-flex wp-container-core-columns-is-layout-d0846407 wp-block-columns-is-layout-flex\">\n<div class=\"wp-block-column is-layout-flow wp-block-column-is-layout-flow\"><\/div>\n\n\n\n<div class=\"wp-block-column is-layout-flow wp-block-column-is-layout-flow\"><\/div>\n<\/div>\n\n\n\n<div class=\"wp-block-columns alignwide is-layout-flex wp-container-core-columns-is-layout-d0846407 wp-block-columns-is-layout-flex\">\n<div class=\"wp-block-column is-layout-flow wp-block-column-is-layout-flow\">\n<h3 class=\"wp-block-heading has-text-align-left\" style=\"margin-top:0px;margin-bottom:var(--wp--preset--spacing--30);font-size:clamp(20px, 1.25rem + ((1vw - 3.2px) * 1.25), 32px);line-height:1.5\"><strong>Get in touch<\/strong><\/h3>\n\n\n\n<p>Do you have a question, want to book a call, or learn more about how I can support your business?<\/p>\n\n\n\n<p>Please fill out the form below, and I\u2019ll get back to you within 24 hours.<\/p>\n\n\n\n<p>Prefer to send a direct e-mail instead?<\/p>\n\n\n\n<div class=\"wp-block-buttons is-layout-flex wp-block-buttons-is-layout-flex\">\n<div class=\"wp-block-button\"><a class=\"wp-block-button__link wp-element-button\" href=\"mailto: anna@commswebb.com\">Send E-mail<\/a><\/div>\n<\/div>\n<\/div>\n\n\n\n<div class=\"wp-block-column has-custom-color-4-color has-custom-color-4-background-color has-text-color has-background has-link-color wp-elements-757c61867526263f8a57423b0de4b713 is-layout-flow wp-block-column-is-layout-flow\" style=\"padding-top:0;padding-right:var(--wp--preset--spacing--30);padding-bottom:0;padding-left:var(--wp--preset--spacing--30)\"><style id=\"wpforms-css-vars-501-block-45904316-5340-4720-9f31-b499ed416d93\">\n\t\t\t\t#wpforms-501.wpforms-block-45904316-5340-4720-9f31-b499ed416d93 {\n\t\t\t\t--wpforms-label-color: #ffffff;\n--wpforms-label-error-color: #ffffff;\n--wpforms-field-border-style: none;\n--wpforms-field-border-radius: 5px;\n--wpforms-field-text-color: #001f3f;\n--wpforms-field-border-size: 0px;\n--wpforms-field-size-input-height: 43px;\n--wpforms-field-size-input-spacing: 15px;\n--wpforms-field-size-font-size: 16px;\n--wpforms-field-size-line-height: 19px;\n--wpforms-field-size-padding-h: 14px;\n--wpforms-field-size-checkbox-size: 16px;\n--wpforms-field-size-sublabel-spacing: 5px;\n--wpforms-field-size-icon-size: 1;\n--wpforms-label-size-font-size: 14px;\n--wpforms-label-size-line-height: 17px;\n--wpforms-label-size-sublabel-font-size: 13px;\n--wpforms-label-size-sublabel-line-height: 16px;\n--wpforms-button-size-font-size: 17px;\n--wpforms-button-size-height: 41px;\n--wpforms-button-size-padding-h: 15px;\n--wpforms-button-size-margin-top: 10px;\n\t\t\t}\n\t\t\t<\/style><div class=\"wpforms-container wpforms-container-full wpforms-block wpforms-block-45904316-5340-4720-9f31-b499ed416d93 wpforms-render-modern\" id=\"wpforms-501\"><form id=\"wpforms-form-501\" class=\"wpforms-validate wpforms-form wpforms-ajax-form\" data-formid=\"501\" method=\"post\" enctype=\"multipart\/form-data\" action=\"\/sv\/wp-json\/wp\/v2\/pages\/498\" data-token=\"9631ba1fd471545f24479296bb4445cf\" data-token-time=\"1776499899\" data-trp-original-action=\"\/sv\/wp-json\/wp\/v2\/pages\/498\"><noscript class=\"wpforms-error-noscript\">Aktivera JavaScript i din webbl\u00e4sare f\u00f6r att fylla i formul\u00e4ret.<\/noscript><div id=\"wpforms-error-noscript\" style=\"display: none;\">Aktivera JavaScript i din webbl\u00e4sare f\u00f6r att fylla i formul\u00e4ret.<\/div><div class=\"wpforms-field-container\"><div id=\"wpforms-501-field_1-container\" class=\"wpforms-field wpforms-field-name wpforms-one-third wpforms-first\" data-field-id=\"1\"><label class=\"wpforms-field-label\" for=\"wpforms-501-field_1\">Name <span class=\"wpforms-required-label\" aria-hidden=\"true\">*<\/span><\/label><input type=\"text\" id=\"wpforms-501-field_1\" class=\"wpforms-field-medium wpforms-field-required\" name=\"wpforms[fields][1]\" aria-errormessage=\"wpforms-501-field_1-error\" required><\/div>\t\t<div id=\"wpforms-501-field_4-container\"\n\t\t\tclass=\"wpforms-field wpforms-field-text\"\n\t\t\tdata-field-type=\"text\"\n\t\t\tdata-field-id=\"4\"\n\t\t\t>\n\t\t\t<label class=\"wpforms-field-label\" for=\"wpforms-501-field_4\" >E-mail  Name<\/label>\n\t\t\t<input type=\"text\" id=\"wpforms-501-field_4\" class=\"wpforms-field-medium\" name=\"wpforms[fields][4]\" >\n\t\t<\/div>\n\t\t<div id=\"wpforms-501-field_2-container\" class=\"wpforms-field wpforms-field-email\" data-field-id=\"2\"><label class=\"wpforms-field-label\" for=\"wpforms-501-field_2\">E-mail  <span class=\"wpforms-required-label\" aria-hidden=\"true\">*<\/span><\/label><input type=\"email\" id=\"wpforms-501-field_2\" class=\"wpforms-field-medium wpforms-field-required\" name=\"wpforms[fields][2]\" spellcheck=\"false\" aria-errormessage=\"wpforms-501-field_2-error\" required><\/div><div id=\"wpforms-501-field_3-container\" class=\"wpforms-field wpforms-field-textarea\" data-field-id=\"3\"><label class=\"wpforms-field-label\" for=\"wpforms-501-field_3\">Message<\/label><textarea id=\"wpforms-501-field_3\" class=\"wpforms-field-medium\" name=\"wpforms[fields][3]\" aria-errormessage=\"wpforms-501-field_3-error\" ><\/textarea><\/div><script>\n\t\t\t\t( function() {\n\t\t\t\t\tconst style = document.createElement( 'style' );\n\t\t\t\t\tstyle.appendChild( document.createTextNode( '#wpforms-501-field_4-container { position: absolute !important; overflow: hidden !important; display: inline !important; height: 1px !important; width: 1px !important; z-index: -1000 !important; padding: 0 !important; } #wpforms-501-field_4-container input { visibility: hidden; } #wpforms-conversational-form-page #wpforms-501-field_4-container label { counter-increment: none; }' ) );\n\t\t\t\t\tdocument.head.appendChild( style );\n\t\t\t\t\tdocument.currentScript?.remove();\n\t\t\t\t} )();\n\t\t\t<\/script><\/div><!-- .wpforms-field-container --><div class=\"wpforms-submit-container\" ><input type=\"hidden\" name=\"wpforms[id]\" value=\"501\"><input type=\"hidden\" name=\"page_title\" value=\"\"><input type=\"hidden\" name=\"page_url\" value=\"https:\/\/www.commswebb.com\/sv\/wp-json\/wp\/v2\/pages\/498\"><input type=\"hidden\" name=\"url_referer\" value=\"\"><button type=\"submit\" name=\"wpforms[submit]\" id=\"wpforms-submit-501\" class=\"wpforms-submit\" data-alt-text=\"Sending\" data-submit-text=\"Send\" aria-live=\"assertive\" value=\"wpforms-submit\">Send<\/button><img loading=\"lazy\" decoding=\"async\" src=\"https:\/\/www.commswebb.com\/wp-content\/plugins\/wpforms-lite\/assets\/images\/submit-spin.svg\" class=\"wpforms-submit-spinner\" style=\"display: none;\" width=\"26\" height=\"26\" alt=\"Laddar\"><\/div><input type=\"hidden\" name=\"trp-form-language\" value=\"sv\"\/><\/form><\/div>  <!-- .wpforms-container --><\/div>\n<\/div>\n\n\n\n<h2 class=\"wp-block-heading alignwide has-small-font-size\"><\/h2>\n\n\n\n<p><\/p>","protected":false},"excerpt":{"rendered":"<p>Get in touch Do you have a question, want to book a call, or learn more about how I can support your business? Please fill out the form below, and I\u2019ll get back to you within 24 hours. Prefer to send a direct e-mail instead?<\/p>","protected":false},"author":1,"featured_media":0,"parent":0,"menu_order":0,"comment_status":"closed","ping_status":"closed","template":"","meta":{"om_disable_all_campaigns":false,"_monsterinsights_skip_tracking":false,"_monsterinsights_sitenote_active":false,"_monsterinsights_sitenote_note":"","_monsterinsights_sitenote_category":0,"_uf_show_specific_survey":0,"_uf_disable_surveys":false,"footnotes":""},"class_list":["post-498","page","type-page","status-publish","hentry"],"aioseo_notices":[],"_links":{"self":[{"href":"https:\/\/www.commswebb.com\/sv\/wp-json\/wp\/v2\/pages\/498","targetHints":{"allow":["GET"]}}],"collection":[{"href":"https:\/\/www.commswebb.com\/sv\/wp-json\/wp\/v2\/pages"}],"about":[{"href":"https:\/\/www.commswebb.com\/sv\/wp-json\/wp\/v2\/types\/page"}],"author":[{"embeddable":true,"href":"https:\/\/www.commswebb.com\/sv\/wp-json\/wp\/v2\/users\/1"}],"replies":[{"embeddable":true,"href":"https:\/\/www.commswebb.com\/sv\/wp-json\/wp\/v2\/comments?post=498"}],"version-history":[{"count":62,"href":"https:\/\/www.commswebb.com\/sv\/wp-json\/wp\/v2\/pages\/498\/revisions"}],"predecessor-version":[{"id":2607,"href":"https:\/\/www.commswebb.com\/sv\/wp-json\/wp\/v2\/pages\/498\/revisions\/2607"}],"wp:attachment":[{"href":"https:\/\/www.commswebb.com\/sv\/wp-json\/wp\/v2\/media?parent=498"}],"curies":[{"name":"wp","href":"https:\/\/api.w.org\/{rel}","templated":true}]}}