{"id":322,"date":"2024-10-09T12:00:28","date_gmt":"2024-10-09T12:00:28","guid":{"rendered":"https:\/\/www.commswebb.com\/?page_id=322"},"modified":"2025-07-26T09:34:25","modified_gmt":"2025-07-26T09:34:25","slug":"home","status":"publish","type":"page","link":"https:\/\/www.commswebb.com\/sv\/","title":{"rendered":"Commswebb offers Marketing Resources, Courses and Services to support Business growth"},"content":{"rendered":"<div class=\"wp-block-cover alignfull is-light is-repeated has-medium-font-size\" style=\"min-height:500px;aspect-ratio:unset;\"><div class=\"wp-block-cover__image-background wp-image-2221 is-repeated\" style=\"background-position:48% 51%;background-image:url(https:\/\/www.commswebb.com\/wp-content\/uploads\/2025\/02\/AAGAjXKhQF8_1736497865338-1.png)\"><\/div><span aria-hidden=\"true\" class=\"wp-block-cover__background has-contrast-2-background-color has-background-dim\"><\/span><div class=\"wp-block-cover__inner-container is-layout-flow wp-block-cover-is-layout-flow\">\n<h2 class=\"wp-block-heading alignwide has-white-color has-text-color has-base-2-color has-link-color wp-elements-3118551afa4f5c8500f7a3f40df50f71\" style=\"font-size:clamp(34.313px, 2.145rem + ((1vw - 3.2px) * 2.884), 62px);line-height:1.2\"><strong>Min motivation \u00e4r DITT f\u00f6retag<\/strong><\/h2>\n\n\n\n<div class=\"wp-block-columns alignwide is-layout-flex wp-container-core-columns-is-layout-28f84493 wp-block-columns-is-layout-flex\">\n<div class=\"wp-block-column is-layout-flow wp-block-column-is-layout-flow\" style=\"flex-basis:60%\">\n<p class=\"has-custom-color-4-color has-text-color has-x-large-font-size\"><strong>Hur kan jag hj\u00e4lpa er?<\/strong><\/p>\n\n\n\n<div class=\"wp-block-buttons is-layout-flex wp-block-buttons-is-layout-flex\">\n<div class=\"wp-block-button is-style-outline is-style-outline--1\"><a class=\"wp-block-button__link wp-element-button\" href=\"https:\/\/www.commswebb.com\/sv\/consultant-services\/\">Services<\/a><\/div>\n\n\n\n<div class=\"wp-block-button is-style-fill\"><a class=\"wp-block-button__link has-custom-color-2-background-color has-background wp-element-button\" href=\"https:\/\/www.commswebb.com\/sv\/download-our-free-resources\/\">Freebies<\/a><\/div>\n<\/div>\n<\/div>\n\n\n\n<div class=\"wp-block-column is-layout-flow wp-block-column-is-layout-flow\"><\/div>\n<\/div>\n<\/div><\/div>\n\n\n\n<div class=\"wp-block-media-text alignfull has-media-on-the-right is-stacked-on-mobile is-image-fill-element has-base-2-background-color has-background\" style=\"margin-top:var(--wp--preset--spacing--30);margin-bottom:var(--wp--preset--spacing--30)\"><div class=\"wp-block-media-text__content\">\n<p class=\"has-text-align-right has-text-color has-link-color has-large-font-size wp-elements-3bf56dbdebd77e0d93170eea3bb99759\" style=\"color:#1377cd\"><strong>Explore the Tools I Recommend<\/strong><\/p>\n\n\n\n<div class=\"wp-block-group has-global-padding is-layout-constrained wp-block-group-is-layout-constrained\">\n<div class=\"wp-block-buttons is-content-justification-right is-layout-flex wp-container-core-buttons-is-layout-d445cf74 wp-block-buttons-is-layout-flex\">\n<div class=\"wp-block-button is-style-outline is-style-outline--2\"><a class=\"wp-block-button__link wp-element-button\" href=\"https:\/\/www.commswebb.com\/sv\/resources\/\">Resources<\/a><\/div>\n<\/div>\n<\/div>\n<\/div><figure class=\"wp-block-media-text__media\"><img loading=\"lazy\" decoding=\"async\" width=\"1024\" height=\"1024\" src=\"https:\/\/www.commswebb.com\/wp-content\/uploads\/2024\/11\/pixlr-image-generator-34836a8b-c552-4f4a-be8d-9cb0f06be29b.webp\" alt=\"\" class=\"wp-image-1122 size-full\" style=\"object-position:50% 50%\" srcset=\"https:\/\/www.commswebb.com\/wp-content\/uploads\/2024\/11\/pixlr-image-generator-34836a8b-c552-4f4a-be8d-9cb0f06be29b.webp 1024w, https:\/\/www.commswebb.com\/wp-content\/uploads\/2024\/11\/pixlr-image-generator-34836a8b-c552-4f4a-be8d-9cb0f06be29b-300x300.webp 300w, https:\/\/www.commswebb.com\/wp-content\/uploads\/2024\/11\/pixlr-image-generator-34836a8b-c552-4f4a-be8d-9cb0f06be29b-150x150.webp 150w, https:\/\/www.commswebb.com\/wp-content\/uploads\/2024\/11\/pixlr-image-generator-34836a8b-c552-4f4a-be8d-9cb0f06be29b-768x768.webp 768w\" sizes=\"auto, (max-width: 1024px) 100vw, 1024px\" \/><\/figure><\/div>\n\n\n\n<div class=\"wp-block-media-text alignfull is-stacked-on-mobile is-image-fill-element has-accent-5-background-color has-background\" style=\"margin-top:var(--wp--preset--spacing--30);margin-bottom:var(--wp--preset--spacing--30);grid-template-columns:29% auto\"><figure class=\"wp-block-media-text__media\"><img loading=\"lazy\" decoding=\"async\" width=\"1024\" height=\"1024\" src=\"https:\/\/www.commswebb.com\/wp-content\/uploads\/2024\/10\/1729855304162.jpeg\" alt=\"\" class=\"wp-image-961 size-full\" style=\"object-position:50% 50%\" srcset=\"https:\/\/www.commswebb.com\/wp-content\/uploads\/2024\/10\/1729855304162.jpeg 1024w, https:\/\/www.commswebb.com\/wp-content\/uploads\/2024\/10\/1729855304162-300x300.jpeg 300w, https:\/\/www.commswebb.com\/wp-content\/uploads\/2024\/10\/1729855304162-150x150.jpeg 150w, https:\/\/www.commswebb.com\/wp-content\/uploads\/2024\/10\/1729855304162-768x768.jpeg 768w\" sizes=\"auto, (max-width: 1024px) 100vw, 1024px\" \/><\/figure><div class=\"wp-block-media-text__content\">\n<p class=\"has-custom-color-2-color has-text-color has-link-color has-large-font-size wp-elements-06c7ac08d33dd528fc5b8cba2bf2a244\"><strong>Jag f\u00f6respr\u00e5kar ett fritt utbyte av kunskap, eftersom att begr\u00e4nsa information h\u00f6r till det f\u00f6rflutna<\/strong><\/p>\n\n\n\n<div class=\"wp-block-buttons is-layout-flex wp-block-buttons-is-layout-flex\">\n<div class=\"wp-block-button is-style-outline is-style-outline--3\"><a class=\"wp-block-button__link wp-element-button\" href=\"https:\/\/www.commswebb.com\/sv\/blog\/\">Blog<\/a><\/div>\n<\/div>\n\n\n\n<h2 class=\"wp-block-heading has-base-2-color has-text-color has-link-color has-large-font-size wp-elements-1fcb4bf362cf29ddca862f24a2d1d434\" style=\"border-style:none;border-width:0px;border-radius:0px\"><\/h2>\n\n\n\n<div class=\"wp-block-group has-custom-color-1-color has-text-color has-link-color wp-elements-0abe1313ab4bdbe2948667c0521639fc is-nowrap is-layout-flex wp-container-core-group-is-layout-6c531013 wp-block-group-is-layout-flex\" style=\"border-style:none;border-width:0px;border-radius:0px\">\n<div class=\"wp-block-group has-global-padding is-layout-constrained wp-block-group-is-layout-constrained\"><\/div>\n\n\n\n<div style=\"height:100px;width:0px\" aria-hidden=\"true\" class=\"wp-block-spacer wp-container-content-6388d5dc\"><\/div>\n<\/div>\n\n\n\n<div style=\"height:0px\" aria-hidden=\"true\" class=\"wp-block-spacer\"><\/div>\n<\/div><\/div>\n\n\n\n<p><\/p>","protected":false},"excerpt":{"rendered":"","protected":false},"author":1,"featured_media":59,"parent":0,"menu_order":0,"comment_status":"closed","ping_status":"closed","template":"","meta":{"om_disable_all_campaigns":false,"_monsterinsights_skip_tracking":false,"_monsterinsights_sitenote_active":false,"_monsterinsights_sitenote_note":"","_monsterinsights_sitenote_category":0,"_uf_show_specific_survey":0,"_uf_disable_surveys":false,"footnotes":""},"class_list":["post-322","page","type-page","status-publish","has-post-thumbnail","hentry"],"aioseo_notices":[],"_links":{"self":[{"href":"https:\/\/www.commswebb.com\/sv\/wp-json\/wp\/v2\/pages\/322","targetHints":{"allow":["GET"]}}],"collection":[{"href":"https:\/\/www.commswebb.com\/sv\/wp-json\/wp\/v2\/pages"}],"about":[{"href":"https:\/\/www.commswebb.com\/sv\/wp-json\/wp\/v2\/types\/page"}],"author":[{"embeddable":true,"href":"https:\/\/www.commswebb.com\/sv\/wp-json\/wp\/v2\/users\/1"}],"replies":[{"embeddable":true,"href":"https:\/\/www.commswebb.com\/sv\/wp-json\/wp\/v2\/comments?post=322"}],"version-history":[{"count":134,"href":"https:\/\/www.commswebb.com\/sv\/wp-json\/wp\/v2\/pages\/322\/revisions"}],"predecessor-version":[{"id":2643,"href":"https:\/\/www.commswebb.com\/sv\/wp-json\/wp\/v2\/pages\/322\/revisions\/2643"}],"wp:featuredmedia":[{"embeddable":true,"href":"https:\/\/www.commswebb.com\/sv\/wp-json\/wp\/v2\/media\/59"}],"wp:attachment":[{"href":"https:\/\/www.commswebb.com\/sv\/wp-json\/wp\/v2\/media?parent=322"}],"curies":[{"name":"wp","href":"https:\/\/api.w.org\/{rel}","templated":true}]}}